{"id":395,"date":"2025-10-09T07:10:11","date_gmt":"2025-10-09T07:10:11","guid":{"rendered":"https:\/\/gorgepiopp.com\/?page_id=395"},"modified":"2025-10-29T06:59:46","modified_gmt":"2025-10-29T06:59:46","slug":"mentions-legales","status":"publish","type":"page","link":"https:\/\/gorgepiopp.com\/?page_id=395","title":{"rendered":"Mentions l\u00e9gales"},"content":{"rendered":"<p>Informations L\u00e9gales<\/p>\n<p><b>1. Pr\u00e9sentation du site.<\/b><br \/>\nEn vertu de l\u2019article 6 de la loi n\u00b0 2004-575 du 21 juin 2004 pour la confiance dans l\u2019\u00e9conomie num\u00e9rique, il est<br \/>\npr\u00e9cis\u00e9 aux utilisateurs du site <a href=\"https:\/\/gorgepiopp.com\/\">gorgepiopp.com<\/a> l\u2019identit\u00e9 des diff\u00e9rents intervenants dans le cadre de sa r\u00e9alisation<br \/>\net de son suivi:<\/p>\n<p><b>Propri\u00e9taire:<\/b> Diane Cantin<\/p>\n<p><b>Cr\u00e9ateur:<\/b> Fran\u00e7ois Grenier<\/p>\n<p><b>Responsable publication:<\/b> Le, 35 Av. Fran\u00e7ois Mitterrand, 72000 Le Mans, France<\/p>\n<p><b>Webmaster:<\/b> Gorgepiopp SARL<\/p>\n<p><b>H\u00e9bergeur:<\/b> 2 Rue des Gladiateurs, 72000 Le Mans, France<\/p>\n<p><b>Cr\u00e9dits:<\/b> Le mod\u00e8le de mentions l\u00e9gales est offert par Infroantar G\u00e9n\u00e9rateur de mentions l\u00e9gales<\/p>\n<p><b>2. Conditions g\u00e9n\u00e9rales d\u2019utilisation du site et des services propos\u00e9s.<\/b><\/p>\n<p>L\u2019utilisation du site <a href=\"https:\/\/gorgepiopp.com\/\">gorgepiopp.com<\/a> implique l\u2019acceptation pleine et enti\u00e8re des conditions g\u00e9n\u00e9rales d\u2019utilisation<br \/>\nci-apr\u00e8s d\u00e9crites. Ces conditions d\u2019utilisation sont susceptibles d\u2019\u00eatre modifi\u00e9es ou compl\u00e9t\u00e9es \u00e0 tout moment, les<br \/>\nutilisateurs du site <a href=\"https:\/\/gorgepiopp.com\/\">gorgepiopp.com<\/a> sont donc invit\u00e9s \u00e0 les consulter de mani\u00e8re r\u00e9guli\u00e8re.<\/p>\n<p>Ce site est normalement accessible \u00e0 tout moment aux utilisateurs. Une interruption pour raison de maintenance technique<br \/>\npeut \u00eatre toutefois d\u00e9cid\u00e9e par Gorgepiopp SARL , qui s\u2019efforcera alors de communiquer pr\u00e9alablement aux utilisateurs<br \/>\nles dates et heures de l\u2019intervention.<\/p>\n<p>Le site <a href=\"https:\/\/gorgepiopp.com\/\">gorgepiopp.com<\/a> est mis \u00e0 jour r\u00e9guli\u00e8rement par Yolande Audet. De la m\u00eame fa\u00e7on, les mentions l\u00e9gales peuvent<br \/>\n\u00eatre modifi\u00e9es \u00e0 tout moment: elles s\u2019imposent n\u00e9anmoins \u00e0 l\u2019utilisateur qui est invit\u00e9 \u00e0 s\u2019y r\u00e9f\u00e9rer le plus souvent<br \/>\npossible afin d\u2019en prendre connaissance.<\/p>\n<p><b>3. Description des services fournis.<br \/>\n<\/b><\/p>\n<p>Le site <a href=\"https:\/\/gorgepiopp.com\/\">gorgepiopp.com<\/a> a pour objet de fournir une information concernant l\u2019ensemble des activit\u00e9s de la soci\u00e9t\u00e9.<\/p>\n<p>Gorgepiopp SARL s\u2019efforce de fournir sur le site <a href=\"https:\/\/gorgepiopp.com\/\">gorgepiopp.com<\/a> des informations aussi pr\u00e9cises que possible. Toutefois,<br \/>\nil ne pourra \u00eatre tenue responsable des omissions, des inexactitudes et des carences dans la mise \u00e0 jour, qu\u2019elles<br \/>\nsoient de son fait ou du fait des tiers partenaires qui lui fournissent ces informations.<\/p>\n<p>Tous les informations indiqu\u00e9es sur le site <a href=\"https:\/\/gorgepiopp.com\/\">gorgepiopp.com<\/a> sont donn\u00e9es \u00e0 titre indicatif, et sont susceptibles<br \/>\nd\u2019\u00e9voluer. Par ailleurs, les renseignements figurant sur le site <a href=\"https:\/\/gorgepiopp.com\/\">gorgepiopp.com<\/a> ne sont pas exhaustifs. Ils sont donn\u00e9s<br \/>\nsous r\u00e9serve de modifications ayant \u00e9t\u00e9 apport\u00e9es depuis leur mise en ligne.<\/p>\n<p><b>4. Limitations contractuelles sur les donn\u00e9es techniques.<br \/>\n<\/b><\/p>\n<p>Le site utilise la technologie JavaScript.<\/p>\n<p>Le site Internet ne pourra \u00eatre tenu responsable de dommages mat\u00e9riels li\u00e9s \u00e0 l\u2019utilisation du site. De plus,<br \/>\nl\u2019utilisateur du site s\u2019engage \u00e0 acc\u00e9der au site en utilisant un mat\u00e9riel r\u00e9cent, ne contenant pas de virus et avec un<br \/>\nnavigateur de derni\u00e8re g\u00e9n\u00e9ration mis-\u00e0-jour<\/p>\n<p><b>5. Propri\u00e9t\u00e9 intellectuelle et contrefa\u00e7ons.<br \/>\n<\/b><\/p>\n<p>Gorgepiopp SARL est propri\u00e9taire des droits de propri\u00e9t\u00e9 intellectuelle ou d\u00e9tient les droits d\u2019usage sur tous les<br \/>\n\u00e9l\u00e9ments accessibles sur le site, notamment les textes, images, graphismes, logo, ic\u00f4nes, sons, logiciels.<\/p>\n<p>Toute reproduction, repr\u00e9sentation, modification, publication, adaptation de tout ou partie des \u00e9l\u00e9ments du site, quel<br \/>\nque soit le moyen ou le proc\u00e9d\u00e9 utilis\u00e9, est interdite, sauf autorisation \u00e9crite pr\u00e9alable de: Gorgepiopp SARL .<\/p>\n<p>Toute exploitation non autoris\u00e9e du site ou de l\u2019un quelconque des \u00e9l\u00e9ments qu\u2019il contient sera consid\u00e9r\u00e9e comme<br \/>\nconstitutive d\u2019une contrefa\u00e7on et poursuivie conform\u00e9ment aux dispositions des articles L.335-2 et suivants du Code de<br \/>\nPropri\u00e9t\u00e9 Intellectuelle.<\/p>\n<p><b>6. Limitations de responsabilit\u00e9.<br \/>\n<\/b><\/p>\n<p>Gorgepiopp SARL ne pourra \u00eatre tenue responsable des dommages directs et indirects caus\u00e9s au mat\u00e9riel de l\u2019utilisateur,<br \/>\nlors de l\u2019acc\u00e8s au site <a href=\"https:\/\/gorgepiopp.com\/\">gorgepiopp.com<\/a>, et r\u00e9sultant soit de l\u2019utilisation d\u2019un mat\u00e9riel ne r\u00e9pondant pas aux<br \/>\nsp\u00e9cifications indiqu\u00e9es au point 4, soit de l\u2019apparition d\u2019un bug ou d\u2019une incompatibilit\u00e9.<\/p>\n<p>Gorgepiopp SARL ne pourra \u00e9galement \u00eatre tenue responsable des dommages indirects (tels par exemple qu\u2019une perte de<br \/>\nmarch\u00e9 ou perte d\u2019une chance) cons\u00e9cutifs \u00e0 l\u2019utilisation du site <a href=\"https:\/\/gorgepiopp.com\/\">gorgepiopp.com<\/a>.<\/p>\n<p>Des espaces interactifs (possibilit\u00e9 de poser des questions dans l\u2019espace contact) sont \u00e0 la disposition des<br \/>\nutilisateurs. Gorgepiopp SARL se r\u00e9serve le droit de supprimer, sans mise en demeure pr\u00e9alable, tout contenu d\u00e9pos\u00e9 dans<br \/>\ncet espace qui contreviendrait \u00e0 la l\u00e9gislation applicable en France, en particulier aux dispositions relatives \u00e0 la<br \/>\nprotection des donn\u00e9es. Le cas \u00e9ch\u00e9ant, Gorgepiopp SARL se r\u00e9serve \u00e9galement la possibilit\u00e9 de mettre en cause la<br \/>\nresponsabilit\u00e9 civile et\/ou p\u00e9nale de l\u2019utilisateur, notamment en cas de message \u00e0 caract\u00e8re raciste, injurieux,<br \/>\ndiffamant, ou pornographique, quel que soit le support utilis\u00e9 (texte, photographie\u2026).<\/p>\n<p><b>7. Gestion des donn\u00e9es personnelles.<br \/>\n<\/b><\/p>\n<p>En France, les donn\u00e9es personnelles sont notamment prot\u00e9g\u00e9es par la loi n\u00b0 78-87 du 6 janvier 1978, la loi n\u00b0 2004-801<br \/>\ndu 6 ao\u00fbt 2004, l&rsquo;article L. 226-13 du Code p\u00e9nal et la Directive Europ\u00e9enne du 24 octobre 1995.<\/p>\n<p>A l&rsquo;occasion de l&rsquo;utilisation du site <a href=\"https:\/\/gorgepiopp.com\/\">gorgepiopp.com<\/a>, peuvent \u00eatres recueillies: l&rsquo;URL des liens par l&rsquo;interm\u00e9diaire<br \/>\ndesquels l&rsquo;utilisateur a acc\u00e9d\u00e9 au site <a href=\"https:\/\/gorgepiopp.com\/\">gorgepiopp.com<\/a>, le fournisseur d&rsquo;acc\u00e8s de l&rsquo;utilisateur, l&rsquo;adresse de protocole<br \/>\nInternet (IP) de l&rsquo;utilisateur.<\/p>\n<p>En tout \u00e9tat de cause Gorgepiopp SARL ne collecte des informations personnelles relatives \u00e0 l&rsquo;utilisateur que pour le<br \/>\nbesoin de certains services propos\u00e9s par le site <a href=\"https:\/\/gorgepiopp.com\/\">gorgepiopp.com<\/a>. L&rsquo;utilisateur fournit ces informations en toute<br \/>\nconnaissance de cause, notamment lorsqu&rsquo;il proc\u00e8de par lui-m\u00eame \u00e0 leur saisie. Il est alors pr\u00e9cis\u00e9 \u00e0 l&rsquo;utilisateur du<br \/>\nsite <a href=\"https:\/\/gorgepiopp.com\/\">gorgepiopp.com<\/a> l\u2019obligation ou non de fournir ces informations.<\/p>\n<p>Conform\u00e9ment aux dispositions des articles 38 et suivants de la loi 78-17 du 6 janvier 1978 relative \u00e0 l\u2019informatique,<br \/>\naux fichiers et aux libert\u00e9s, tout utilisateur dispose d\u2019un droit d\u2019acc\u00e8s, de rectification et d\u2019opposition aux donn\u00e9es<br \/>\npersonnelles le concernant, en effectuant sa demande \u00e9crite et sign\u00e9e, accompagn\u00e9e d\u2019une copie du titre d\u2019identit\u00e9 avec<br \/>\nsignature du titulaire de la pi\u00e8ce, en pr\u00e9cisant l\u2019adresse \u00e0 laquelle la r\u00e9ponse doit \u00eatre envoy\u00e9e.<\/p>\n<p>Aucune information personnelle de l&rsquo;utilisateur du site <a href=\"https:\/\/gorgepiopp.com\/\">gorgepiopp.com<\/a> n&rsquo;est publi\u00e9e \u00e0 l&rsquo;insu de l&rsquo;utilisateur,<br \/>\n\u00e9chang\u00e9e, transf\u00e9r\u00e9e, c\u00e9d\u00e9e ou vendue sur un support quelconque \u00e0 des tiers. Seule l&rsquo;hypoth\u00e8se du rachat de Infroantar<br \/>\nSARL et de ses droits permettrait la transmission des dites informations \u00e0 l&rsquo;\u00e9ventuel acqu\u00e9reur qui serait \u00e0 son tour<br \/>\ntenu de la m\u00eame obligation de conservation et de modification des donn\u00e9es vis \u00e0 vis de l&rsquo;utilisateur du site<br \/>\n<a href=\"https:\/\/gorgepiopp.com\/\">gorgepiopp.com<\/a>.<\/p>\n<p>Le site n&rsquo;est pas d\u00e9clar\u00e9 \u00e0 la CNIL car il ne recueille pas d&rsquo;informations personnelles. Les bases de donn\u00e9es sont<br \/>\nprot\u00e9g\u00e9es par les dispositions de la loi du 1er juillet 1998 transposant la directive 96\/9 du 11 mars 1996 relative \u00e0 la<br \/>\nprotection juridique des bases de donn\u00e9es.<\/p>\n<p><b>8. Liens hypertextes et cookies.<br \/>\n<\/b><\/p>\n<p>Le site <a href=\"https:\/\/gorgepiopp.com\/\">gorgepiopp.com<\/a> contient un certain nombre de liens hypertextes vers d\u2019autres sites, mis en place avec<br \/>\nl\u2019autorisation de Gorgepiopp SARL . Cependant, Gorgepiopp SARL n\u2019a pas la possibilit\u00e9 de v\u00e9rifier le contenu des sites<br \/>\nainsi visit\u00e9s, et n\u2019assumera en cons\u00e9quence aucune responsabilit\u00e9 de ce fait.<\/p>\n<p>La navigation sur le site <a href=\"https:\/\/gorgepiopp.com\/\">gorgepiopp.com<\/a> est susceptible de provoquer l\u2019installation de cookie(s) sur l\u2019ordinateur de<br \/>\nl\u2019utilisateur. Un cookie est un fichier de petite taille, qui ne permet pas l\u2019identification de l\u2019utilisateur, mais qui<br \/>\nenregistre des informations relatives \u00e0 la navigation d\u2019un ordinateur sur un site. Les donn\u00e9es ainsi obtenues visent \u00e0<br \/>\nfaciliter la navigation ult\u00e9rieure sur le site, et ont \u00e9galement vocation \u00e0 permettre diverses mesures de fr\u00e9quentation.<\/p>\n<p>Le refus d\u2019installation d\u2019un cookie peut entra\u00eener l\u2019impossibilit\u00e9 d\u2019acc\u00e9der \u00e0 certains services. L\u2019utilisateur peut<br \/>\ntoutefois configurer son ordinateur de la mani\u00e8re suivante, pour refuser l\u2019installation des cookies:<\/p>\n<p>Sous Internet Explorer: onglet outil (pictogramme en forme de rouage en haut a droite) \/ options internet. Cliquez sur<br \/>\nConfidentialit\u00e9 et choisissez Bloquer tous les cookies. Validez sur Ok.<\/p>\n<p>Sous Firefox: en haut de la fen\u00eatre du navigateur, cliquez sur le bouton Firefox, puis aller dans l&rsquo;onglet Options.<br \/>\nCliquer sur l&rsquo;onglet Vie priv\u00e9e. Param\u00e9trez les R\u00e8gles de conservation sur: utiliser les param\u00e8tres personnalis\u00e9s pour<br \/>\nl&rsquo;historique. Enfin d\u00e9cochez-la pour d\u00e9sactiver les cookies.<\/p>\n<p>Sous Safari: Cliquez en haut \u00e0 droite du navigateur sur le pictogramme de menu (symbolis\u00e9 par un rouage). S\u00e9lectionnez<br \/>\nParam\u00e8tres. Cliquez sur Afficher les param\u00e8tres avanc\u00e9s. Dans la section \u00ab\u00a0Confidentialit\u00e9\u00a0\u00bb, cliquez sur Param\u00e8tres de<br \/>\ncontenu. Dans la section \u00ab\u00a0Cookies\u00a0\u00bb, vous pouvez bloquer les cookies.<\/p>\n<p>Sous Chrome: Cliquez en haut \u00e0 droite du navigateur sur le pictogramme de menu (symbolis\u00e9 par trois lignes<br \/>\nhorizontales). S\u00e9lectionnez Param\u00e8tres. Cliquez sur Afficher les param\u00e8tres avanc\u00e9s. Dans la section \u00ab\u00a0Confidentialit\u00e9\u00a0\u00bb,<br \/>\ncliquez sur pr\u00e9f\u00e9rences. Dans l&rsquo;onglet \u00ab\u00a0Confidentialit\u00e9\u00a0\u00bb, vous pouvez bloquer les cookies.<\/p>\n<p><b>9. Droit applicable et attribution de juridiction.<br \/>\n<\/b><\/p>\n<p>Tout litige en relation avec l\u2019utilisation du site <a href=\"https:\/\/gorgepiopp.com\/\">gorgepiopp.com<\/a> est soumis au droit fran\u00e7ais. Il est fait attribution<br \/>\nexclusive de juridiction aux tribunaux comp\u00e9tents de Paris.<\/p>\n<p><b>10. Les principales lois concern\u00e9es.<br \/>\n<\/b><\/p>\n<p>Loi n\u00b0 78-17 du 6 janvier 1978, notamment modifi\u00e9e par la loi n\u00b0 2004-801 du 6 ao\u00fbt 2004 relative \u00e0 l&rsquo;informatique, aux<br \/>\nfichiers et aux libert\u00e9s.<\/p>\n<p>Loi n\u00b0 2004-575 du 21 juin 2004 pour la confiance dans l&rsquo;\u00e9conomie num\u00e9rique.<\/p>\n<p><b>11. Lexique.<br \/>\n<\/b><\/p>\n<p>Utilisateur: Internaute se connectant, utilisant le site susnomm\u00e9.<\/p>\n<p>Informations personnelles: \u00ab les informations qui permettent, sous quelque forme que ce soit, directement ou non,<br \/>\nl&rsquo;identification des personnes physiques auxquelles elles s&rsquo;appliquent \u00bb (article 4 de la loi n\u00b0 78-17 du 6 janvier<br \/>\n1978).<\/p>\n<p><b>12. Coordonn\u00e9es.<br \/>\n<\/b><\/p>\n<p>Gorgepiopp SARL<\/p>\n<p>Le, 35 Av. Fran\u00e7ois Mitterrand, 72000 Le Mans, France<\/p>\n<p>587541400274<\/p>\n<p>Tel. <a href=\"tel:+33243371120\">+33243371120<\/a><\/p>\n<p>Informations sur le r\u00e8glement en ligne des litiges conform\u00e9ment \u00e0 l&rsquo;art. 14 paragr. 1 du RLL (R\u00e8glement en Ligne des<br \/>\nLitiges):<\/p>\n<p>La Commission Europ\u00e9enne permet aux consommateurs de r\u00e9soudre les litiges en ligne sur l&rsquo;une de ses plateformes,<br \/>\nconform\u00e9ment \u00e0 l&rsquo;art. 14 paragr. 1 du RLL. La plateforme (<a\n\thref=\"https:\/\/webgate.ec.europa.eu\/odr\/main\/index.cfm?event=main.home.show&amp;lng=FR\">https:\/\/webgate.ec.europa.eu\/odr\/main\/index.cfm?event=main.home.show&amp;lng=FR<\/a>)<br \/>\nagit comme un site o\u00f9 les consommateurs peuvent essayer des r\u00e9gler hors tribunal des litiges survenus lors d&rsquo;achats de<br \/>\nbiens ou services en ligne.<\/p>\n","protected":false},"excerpt":{"rendered":"<p>Informations L\u00e9gales 1. Pr\u00e9sentation du site. En vertu de l\u2019article 6 de la loi n\u00b0 2004-575 du 21 juin 2004 pour la confiance dans l\u2019\u00e9conomie num\u00e9rique, il est pr\u00e9cis\u00e9 aux&hellip;<\/p>\n","protected":false},"author":1,"featured_media":0,"parent":0,"menu_order":0,"comment_status":"closed","ping_status":"closed","template":"","meta":{"footnotes":""},"class_list":["post-395","page","type-page","status-publish","hentry"],"_links":{"self":[{"href":"https:\/\/gorgepiopp.com\/index.php?rest_route=\/wp\/v2\/pages\/395","targetHints":{"allow":["GET"]}}],"collection":[{"href":"https:\/\/gorgepiopp.com\/index.php?rest_route=\/wp\/v2\/pages"}],"about":[{"href":"https:\/\/gorgepiopp.com\/index.php?rest_route=\/wp\/v2\/types\/page"}],"author":[{"embeddable":true,"href":"https:\/\/gorgepiopp.com\/index.php?rest_route=\/wp\/v2\/users\/1"}],"replies":[{"embeddable":true,"href":"https:\/\/gorgepiopp.com\/index.php?rest_route=%2Fwp%2Fv2%2Fcomments&post=395"}],"version-history":[{"count":3,"href":"https:\/\/gorgepiopp.com\/index.php?rest_route=\/wp\/v2\/pages\/395\/revisions"}],"predecessor-version":[{"id":439,"href":"https:\/\/gorgepiopp.com\/index.php?rest_route=\/wp\/v2\/pages\/395\/revisions\/439"}],"wp:attachment":[{"href":"https:\/\/gorgepiopp.com\/index.php?rest_route=%2Fwp%2Fv2%2Fmedia&parent=395"}],"curies":[{"name":"wp","href":"https:\/\/api.w.org\/{rel}","templated":true}]}}